{"id":108,"date":"2024-09-05T16:45:57","date_gmt":"2024-09-05T21:45:57","guid":{"rendered":"https:\/\/nacionales.cordemo.org\/softbol\/?page_id=108"},"modified":"2024-09-23T09:45:16","modified_gmt":"2024-09-23T14:45:16","slug":"2024-2","status":"publish","type":"page","link":"https:\/\/nacionales.cordemo.org\/softbol\/","title":{"rendered":"2024"},"content":{"rendered":"<div class=\"figure\">\n  <img decoding=\"async\"\n    src=\"https:\/\/nacionales.cordemo.org\/softbol\/wp-content\/uploads\/sites\/21\/2024\/09\/campeon-soft.jpg\"\n    alt=\"Campe\u00f3n F\u00fatbol de Sal\u00f3n Femenino Cordemo\"\/>\n<\/div>\n<div class=\"sportspress sp-widget-align-none\"><h4 class=\"sp-table-caption\">Primera Fecha<\/h4><div class=\"sp-template sp-template-event-blocks\">\n\t<div class=\"sp-table-wrapper\">\n\t\t<table class=\"sp-event-blocks sp-data-table\n\t\t\t\t\t sp-paginated-table\" data-sp-rows=\"5\">\n\t\t\t<thead><tr><th><\/th><\/tr><\/thead> \t\t\t<tbody>\n\t\t\t\t\t\t\t\t\t<tr class=\"sp-row sp-post alternate\" itemscope itemtype=\"http:\/\/schema.org\/SportsEvent\">\n\t\t\t\t\t\t<td>\n\t\t\t\t\t\t\t\t\t\t\t\t\t\t<span class=\"team-logo logo-odd\" title=\"Sincelejo\"><img loading=\"lazy\" decoding=\"async\" width=\"121\" height=\"128\" src=\"https:\/\/nacionales.cordemo.org\/softbol\/wp-content\/uploads\/sites\/21\/2024\/09\/sincelejo.png\" class=\"attachment-sportspress-fit-icon size-sportspress-fit-icon wp-post-image\" alt=\"\" \/><\/span> <span class=\"team-logo logo-even\" title=\"Cartagena\"><img loading=\"lazy\" decoding=\"async\" width=\"128\" height=\"128\" src=\"https:\/\/nacionales.cordemo.org\/softbol\/wp-content\/uploads\/sites\/21\/2024\/09\/cartagena.png\" class=\"attachment-sportspress-fit-icon size-sportspress-fit-icon wp-post-image\" alt=\"\" \/><\/span>\t\t\t\t\t\t\t<time class=\"sp-event-date\" datetime=\"2024-09-16 08:00:00\" itemprop=\"startDate\" content=\"2024-09-16T08:00:00-05:00\">\n\t\t\t\t\t\t\t\t<a href=\"https:\/\/nacionales.cordemo.org\/softbol\/event\/341\/\">16 de septiembre de 2024<\/a>\t\t\t\t\t\t\t<\/time>\n\t\t\t\t\t\t\t\t\t\t\t\t\t\t<h5 class=\"sp-event-results\">\n\t\t\t\t\t\t\t\t<a href=\"https:\/\/nacionales.cordemo.org\/softbol\/event\/341\/\"><span class=\"sp-result ok\">3<\/span> - <span class=\"sp-result\">18<\/span><\/a>\t\t\t\t\t\t\t<\/h5>\n\t\t\t\t\t\t\t\t\t\t\t\t\t\t\t\t\t\t\t\t\t\t\t\t\t\t\t\t\t\t\t\t\t\t\t\t<div style=\"display:none;\" class=\"sp-event-venue\" itemprop=\"location\" itemscope itemtype=\"http:\/\/schema.org\/Place\"><div itemprop=\"address\" itemscope itemtype=\"http:\/\/schema.org\/PostalAddress\">N\/A<\/div><\/div>\n\t\t\t\t\t\t\t\t\t\t\t\t\t\t<h4 class=\"sp-event-title\" itemprop=\"name\">\n\t\t\t\t\t\t\t\t<a href=\"https:\/\/nacionales.cordemo.org\/softbol\/event\/341\/\">Cartagena vs Sincelejo<\/a>\t\t\t\t\t\t\t<\/h4>\n\t\t\t\t\t\t\t\n\t\t\t\t\t\t<\/td>\n\t\t\t\t\t<\/tr>\n\t\t\t\t\t\t\t\t\t\t<tr class=\"sp-row sp-post\" itemscope itemtype=\"http:\/\/schema.org\/SportsEvent\">\n\t\t\t\t\t\t<td>\n\t\t\t\t\t\t\t\t\t\t\t\t\t\t<span class=\"team-logo logo-odd\" title=\"Sucre\"><img loading=\"lazy\" decoding=\"async\" width=\"107\" height=\"128\" src=\"https:\/\/nacionales.cordemo.org\/softbol\/wp-content\/uploads\/sites\/21\/2024\/09\/sucre.png\" class=\"attachment-sportspress-fit-icon size-sportspress-fit-icon wp-post-image\" alt=\"\" \/><\/span> <span class=\"team-logo logo-even\" title=\"Medell\u00edn\"><img loading=\"lazy\" decoding=\"async\" width=\"95\" height=\"128\" src=\"https:\/\/nacionales.cordemo.org\/softbol\/wp-content\/uploads\/sites\/21\/2024\/09\/medellin.png\" class=\"attachment-sportspress-fit-icon size-sportspress-fit-icon wp-post-image\" alt=\"\" \/><\/span>\t\t\t\t\t\t\t<time class=\"sp-event-date\" datetime=\"2024-09-16 10:00:00\" itemprop=\"startDate\" content=\"2024-09-16T10:00:00-05:00\">\n\t\t\t\t\t\t\t\t<a href=\"https:\/\/nacionales.cordemo.org\/softbol\/event\/342\/\">16 de septiembre de 2024<\/a>\t\t\t\t\t\t\t<\/time>\n\t\t\t\t\t\t\t\t\t\t\t\t\t\t<h5 class=\"sp-event-results\">\n\t\t\t\t\t\t\t\t<a href=\"https:\/\/nacionales.cordemo.org\/softbol\/event\/342\/\"><span class=\"sp-result ok\">30<\/span> - <span class=\"sp-result\">8<\/span><\/a>\t\t\t\t\t\t\t<\/h5>\n\t\t\t\t\t\t\t\t\t\t\t\t\t\t\t\t\t\t\t\t\t\t\t\t\t\t\t\t\t\t\t\t\t\t\t\t<div style=\"display:none;\" class=\"sp-event-venue\" itemprop=\"location\" itemscope itemtype=\"http:\/\/schema.org\/Place\"><div itemprop=\"address\" itemscope itemtype=\"http:\/\/schema.org\/PostalAddress\">N\/A<\/div><\/div>\n\t\t\t\t\t\t\t\t\t\t\t\t\t\t<h4 class=\"sp-event-title\" itemprop=\"name\">\n\t\t\t\t\t\t\t\t<a href=\"https:\/\/nacionales.cordemo.org\/softbol\/event\/342\/\">Medell\u00edn vs Sucre<\/a>\t\t\t\t\t\t\t<\/h4>\n\t\t\t\t\t\t\t\n\t\t\t\t\t\t<\/td>\n\t\t\t\t\t<\/tr>\n\t\t\t\t\t\t\t\t\t\t<tr class=\"sp-row sp-post alternate\" itemscope itemtype=\"http:\/\/schema.org\/SportsEvent\">\n\t\t\t\t\t\t<td>\n\t\t\t\t\t\t\t\t\t\t\t\t\t\t<span class=\"team-logo logo-odd\" title=\"Cali\"><img loading=\"lazy\" decoding=\"async\" width=\"120\" height=\"128\" src=\"https:\/\/nacionales.cordemo.org\/softbol\/wp-content\/uploads\/sites\/21\/2024\/09\/cali.png\" class=\"attachment-sportspress-fit-icon size-sportspress-fit-icon wp-post-image\" alt=\"\" \/><\/span> <span class=\"team-logo logo-even\" title=\"San Andr\u00e9s\"><img loading=\"lazy\" decoding=\"async\" width=\"107\" height=\"128\" src=\"https:\/\/nacionales.cordemo.org\/softbol\/wp-content\/uploads\/sites\/21\/2024\/09\/san-andres.png\" class=\"attachment-sportspress-fit-icon size-sportspress-fit-icon wp-post-image\" alt=\"\" \/><\/span>\t\t\t\t\t\t\t<time class=\"sp-event-date\" datetime=\"2024-09-16 18:00:00\" itemprop=\"startDate\" content=\"2024-09-16T18:00:00-05:00\">\n\t\t\t\t\t\t\t\t<a href=\"https:\/\/nacionales.cordemo.org\/softbol\/event\/343\/\">16 de septiembre de 2024<\/a>\t\t\t\t\t\t\t<\/time>\n\t\t\t\t\t\t\t\t\t\t\t\t\t\t<h5 class=\"sp-event-results\">\n\t\t\t\t\t\t\t\t<a href=\"https:\/\/nacionales.cordemo.org\/softbol\/event\/343\/\"><span class=\"sp-result ok\">18:00<\/span><\/a>\t\t\t\t\t\t\t<\/h5>\n\t\t\t\t\t\t\t\t\t\t\t\t\t\t\t\t\t\t\t\t\t\t\t\t\t\t\t\t\t\t\t\t\t\t\t\t<div style=\"display:none;\" class=\"sp-event-venue\" itemprop=\"location\" itemscope itemtype=\"http:\/\/schema.org\/Place\"><div itemprop=\"address\" itemscope itemtype=\"http:\/\/schema.org\/PostalAddress\">N\/A<\/div><\/div>\n\t\t\t\t\t\t\t\t\t\t\t\t\t\t<h4 class=\"sp-event-title\" itemprop=\"name\">\n\t\t\t\t\t\t\t\t<a href=\"https:\/\/nacionales.cordemo.org\/softbol\/event\/343\/\">San Andr\u00e9s vs Cali<\/a>\t\t\t\t\t\t\t<\/h4>\n\t\t\t\t\t\t\t\n\t\t\t\t\t\t<\/td>\n\t\t\t\t\t<\/tr>\n\t\t\t\t\t\t\t\t\t\t<tr class=\"sp-row sp-post\" itemscope itemtype=\"http:\/\/schema.org\/SportsEvent\">\n\t\t\t\t\t\t<td>\n\t\t\t\t\t\t\t\t\t\t\t\t\t\t<span class=\"team-logo logo-odd\" title=\"Bol\u00edvar\"><img loading=\"lazy\" decoding=\"async\" width=\"112\" height=\"128\" src=\"https:\/\/nacionales.cordemo.org\/softbol\/wp-content\/uploads\/sites\/21\/2024\/09\/bolivar.png\" class=\"attachment-sportspress-fit-icon size-sportspress-fit-icon wp-post-image\" alt=\"\" \/><\/span> <span class=\"team-logo logo-even\" title=\"Atl\u00e1ntico\"><img loading=\"lazy\" decoding=\"async\" width=\"106\" height=\"128\" src=\"https:\/\/nacionales.cordemo.org\/softbol\/wp-content\/uploads\/sites\/21\/2024\/09\/atlantico.png\" class=\"attachment-sportspress-fit-icon size-sportspress-fit-icon wp-post-image\" alt=\"\" \/><\/span>\t\t\t\t\t\t\t<time class=\"sp-event-date\" datetime=\"2024-09-16 20:00:00\" itemprop=\"startDate\" content=\"2024-09-16T20:00:00-05:00\">\n\t\t\t\t\t\t\t\t<a href=\"https:\/\/nacionales.cordemo.org\/softbol\/event\/344\/\">16 de septiembre de 2024<\/a>\t\t\t\t\t\t\t<\/time>\n\t\t\t\t\t\t\t\t\t\t\t\t\t\t<h5 class=\"sp-event-results\">\n\t\t\t\t\t\t\t\t<a href=\"https:\/\/nacionales.cordemo.org\/softbol\/event\/344\/\"><span class=\"sp-result ok\">20:00<\/span><\/a>\t\t\t\t\t\t\t<\/h5>\n\t\t\t\t\t\t\t\t\t\t\t\t\t\t\t\t\t\t\t\t\t\t\t\t\t\t\t\t\t\t\t\t\t\t\t\t<div style=\"display:none;\" class=\"sp-event-venue\" itemprop=\"location\" itemscope itemtype=\"http:\/\/schema.org\/Place\"><div itemprop=\"address\" itemscope itemtype=\"http:\/\/schema.org\/PostalAddress\">N\/A<\/div><\/div>\n\t\t\t\t\t\t\t\t\t\t\t\t\t\t<h4 class=\"sp-event-title\" itemprop=\"name\">\n\t\t\t\t\t\t\t\t<a href=\"https:\/\/nacionales.cordemo.org\/softbol\/event\/344\/\">Atl\u00e1ntico vs Bol\u00edvar<\/a>\t\t\t\t\t\t\t<\/h4>\n\t\t\t\t\t\t\t\n\t\t\t\t\t\t<\/td>\n\t\t\t\t\t<\/tr>\n\t\t\t\t\t\t\t\t<\/tbody>\n\t\t<\/table>\n\t<\/div>\n\t<\/div>\n<\/div>\n<div class=\"sportspress sp-widget-align-none\"><h4 class=\"sp-table-caption\">Segunda Fecha<\/h4><div class=\"sp-template sp-template-event-blocks\">\n\t<div class=\"sp-table-wrapper\">\n\t\t<table class=\"sp-event-blocks sp-data-table\n\t\t\t\t\t sp-paginated-table\" data-sp-rows=\"5\">\n\t\t\t<thead><tr><th><\/th><\/tr><\/thead> \t\t\t<tbody>\n\t\t\t\t\t\t\t\t\t<tr class=\"sp-row sp-post alternate\" itemscope itemtype=\"http:\/\/schema.org\/SportsEvent\">\n\t\t\t\t\t\t<td>\n\t\t\t\t\t\t\t\t\t\t\t\t\t\t<span class=\"team-logo logo-odd\" title=\"Sincelejo\"><img loading=\"lazy\" decoding=\"async\" width=\"121\" height=\"128\" src=\"https:\/\/nacionales.cordemo.org\/softbol\/wp-content\/uploads\/sites\/21\/2024\/09\/sincelejo.png\" class=\"attachment-sportspress-fit-icon size-sportspress-fit-icon wp-post-image\" alt=\"\" \/><\/span> <span class=\"team-logo logo-even\" title=\"Cali\"><img loading=\"lazy\" decoding=\"async\" width=\"120\" height=\"128\" src=\"https:\/\/nacionales.cordemo.org\/softbol\/wp-content\/uploads\/sites\/21\/2024\/09\/cali.png\" class=\"attachment-sportspress-fit-icon size-sportspress-fit-icon wp-post-image\" alt=\"\" \/><\/span>\t\t\t\t\t\t\t<time class=\"sp-event-date\" datetime=\"2024-09-17 08:00:00\" itemprop=\"startDate\" content=\"2024-09-17T08:00:00-05:00\">\n\t\t\t\t\t\t\t\t<a href=\"https:\/\/nacionales.cordemo.org\/softbol\/event\/355\/\">17 de septiembre de 2024<\/a>\t\t\t\t\t\t\t<\/time>\n\t\t\t\t\t\t\t\t\t\t\t\t\t\t<h5 class=\"sp-event-results\">\n\t\t\t\t\t\t\t\t<a href=\"https:\/\/nacionales.cordemo.org\/softbol\/event\/355\/\"><span class=\"sp-result ok\">10<\/span> - <span class=\"sp-result\">2<\/span><\/a>\t\t\t\t\t\t\t<\/h5>\n\t\t\t\t\t\t\t\t\t\t\t\t\t\t\t\t\t\t\t\t\t\t\t\t\t\t\t\t\t\t\t\t\t\t\t\t<div style=\"display:none;\" class=\"sp-event-venue\" itemprop=\"location\" itemscope itemtype=\"http:\/\/schema.org\/Place\"><div itemprop=\"address\" itemscope itemtype=\"http:\/\/schema.org\/PostalAddress\">N\/A<\/div><\/div>\n\t\t\t\t\t\t\t\t\t\t\t\t\t\t<h4 class=\"sp-event-title\" itemprop=\"name\">\n\t\t\t\t\t\t\t\t<a href=\"https:\/\/nacionales.cordemo.org\/softbol\/event\/355\/\">Cali vs Sincelejo<\/a>\t\t\t\t\t\t\t<\/h4>\n\t\t\t\t\t\t\t\n\t\t\t\t\t\t<\/td>\n\t\t\t\t\t<\/tr>\n\t\t\t\t\t\t\t\t\t\t<tr class=\"sp-row sp-post\" itemscope itemtype=\"http:\/\/schema.org\/SportsEvent\">\n\t\t\t\t\t\t<td>\n\t\t\t\t\t\t\t\t\t\t\t\t\t\t<span class=\"team-logo logo-odd\" title=\"Cartagena\"><img loading=\"lazy\" decoding=\"async\" width=\"128\" height=\"128\" src=\"https:\/\/nacionales.cordemo.org\/softbol\/wp-content\/uploads\/sites\/21\/2024\/09\/cartagena.png\" class=\"attachment-sportspress-fit-icon size-sportspress-fit-icon wp-post-image\" alt=\"\" \/><\/span> <span class=\"team-logo logo-even\" title=\"San Andr\u00e9s\"><img loading=\"lazy\" decoding=\"async\" width=\"107\" height=\"128\" src=\"https:\/\/nacionales.cordemo.org\/softbol\/wp-content\/uploads\/sites\/21\/2024\/09\/san-andres.png\" class=\"attachment-sportspress-fit-icon size-sportspress-fit-icon wp-post-image\" alt=\"\" \/><\/span>\t\t\t\t\t\t\t<time class=\"sp-event-date\" datetime=\"2024-09-17 10:00:00\" itemprop=\"startDate\" content=\"2024-09-17T10:00:00-05:00\">\n\t\t\t\t\t\t\t\t<a href=\"https:\/\/nacionales.cordemo.org\/softbol\/event\/356\/\">17 de septiembre de 2024<\/a>\t\t\t\t\t\t\t<\/time>\n\t\t\t\t\t\t\t\t\t\t\t\t\t\t<h5 class=\"sp-event-results\">\n\t\t\t\t\t\t\t\t<a href=\"https:\/\/nacionales.cordemo.org\/softbol\/event\/356\/\"><span class=\"sp-result ok\">12<\/span> - <span class=\"sp-result\">11<\/span><\/a>\t\t\t\t\t\t\t<\/h5>\n\t\t\t\t\t\t\t\t\t\t\t\t\t\t\t\t\t\t\t\t\t\t\t\t\t\t\t\t\t\t\t\t\t\t\t\t<div style=\"display:none;\" class=\"sp-event-venue\" itemprop=\"location\" itemscope itemtype=\"http:\/\/schema.org\/Place\"><div itemprop=\"address\" itemscope itemtype=\"http:\/\/schema.org\/PostalAddress\">N\/A<\/div><\/div>\n\t\t\t\t\t\t\t\t\t\t\t\t\t\t<h4 class=\"sp-event-title\" itemprop=\"name\">\n\t\t\t\t\t\t\t\t<a href=\"https:\/\/nacionales.cordemo.org\/softbol\/event\/356\/\">San Andr\u00e9s vs Cartagena<\/a>\t\t\t\t\t\t\t<\/h4>\n\t\t\t\t\t\t\t\n\t\t\t\t\t\t<\/td>\n\t\t\t\t\t<\/tr>\n\t\t\t\t\t\t\t\t\t\t<tr class=\"sp-row sp-post alternate\" itemscope itemtype=\"http:\/\/schema.org\/SportsEvent\">\n\t\t\t\t\t\t<td>\n\t\t\t\t\t\t\t\t\t\t\t\t\t\t<span class=\"team-logo logo-odd\" title=\"Sucre\"><img loading=\"lazy\" decoding=\"async\" width=\"107\" height=\"128\" src=\"https:\/\/nacionales.cordemo.org\/softbol\/wp-content\/uploads\/sites\/21\/2024\/09\/sucre.png\" class=\"attachment-sportspress-fit-icon size-sportspress-fit-icon wp-post-image\" alt=\"\" \/><\/span> <span class=\"team-logo logo-even\" title=\"Bol\u00edvar\"><img loading=\"lazy\" decoding=\"async\" width=\"112\" height=\"128\" src=\"https:\/\/nacionales.cordemo.org\/softbol\/wp-content\/uploads\/sites\/21\/2024\/09\/bolivar.png\" class=\"attachment-sportspress-fit-icon size-sportspress-fit-icon wp-post-image\" alt=\"\" \/><\/span>\t\t\t\t\t\t\t<time class=\"sp-event-date\" datetime=\"2024-09-17 15:00:00\" itemprop=\"startDate\" content=\"2024-09-17T15:00:00-05:00\">\n\t\t\t\t\t\t\t\t<a href=\"https:\/\/nacionales.cordemo.org\/softbol\/event\/357\/\">17 de septiembre de 2024<\/a>\t\t\t\t\t\t\t<\/time>\n\t\t\t\t\t\t\t\t\t\t\t\t\t\t<h5 class=\"sp-event-results\">\n\t\t\t\t\t\t\t\t<a href=\"https:\/\/nacionales.cordemo.org\/softbol\/event\/357\/\"><span class=\"sp-result ok\">10<\/span> - <span class=\"sp-result\">3<\/span><\/a>\t\t\t\t\t\t\t<\/h5>\n\t\t\t\t\t\t\t\t\t\t\t\t\t\t\t\t\t\t\t\t\t\t\t\t\t\t\t\t\t\t\t\t\t\t\t\t<div style=\"display:none;\" class=\"sp-event-venue\" itemprop=\"location\" itemscope itemtype=\"http:\/\/schema.org\/Place\"><div itemprop=\"address\" itemscope itemtype=\"http:\/\/schema.org\/PostalAddress\">N\/A<\/div><\/div>\n\t\t\t\t\t\t\t\t\t\t\t\t\t\t<h4 class=\"sp-event-title\" itemprop=\"name\">\n\t\t\t\t\t\t\t\t<a href=\"https:\/\/nacionales.cordemo.org\/softbol\/event\/357\/\">Bol\u00edvar vs Sucre<\/a>\t\t\t\t\t\t\t<\/h4>\n\t\t\t\t\t\t\t\n\t\t\t\t\t\t<\/td>\n\t\t\t\t\t<\/tr>\n\t\t\t\t\t\t\t\t\t\t<tr class=\"sp-row sp-post\" itemscope itemtype=\"http:\/\/schema.org\/SportsEvent\">\n\t\t\t\t\t\t<td>\n\t\t\t\t\t\t\t\t\t\t\t\t\t\t<span class=\"team-logo logo-odd\" title=\"Medell\u00edn\"><img loading=\"lazy\" decoding=\"async\" width=\"95\" height=\"128\" src=\"https:\/\/nacionales.cordemo.org\/softbol\/wp-content\/uploads\/sites\/21\/2024\/09\/medellin.png\" class=\"attachment-sportspress-fit-icon size-sportspress-fit-icon wp-post-image\" alt=\"\" \/><\/span> <span class=\"team-logo logo-even\" title=\"Atl\u00e1ntico\"><img loading=\"lazy\" decoding=\"async\" width=\"106\" height=\"128\" src=\"https:\/\/nacionales.cordemo.org\/softbol\/wp-content\/uploads\/sites\/21\/2024\/09\/atlantico.png\" class=\"attachment-sportspress-fit-icon size-sportspress-fit-icon wp-post-image\" alt=\"\" \/><\/span>\t\t\t\t\t\t\t<time class=\"sp-event-date\" datetime=\"2024-09-17 17:00:00\" itemprop=\"startDate\" content=\"2024-09-17T17:00:00-05:00\">\n\t\t\t\t\t\t\t\t<a href=\"https:\/\/nacionales.cordemo.org\/softbol\/event\/358\/\">17 de septiembre de 2024<\/a>\t\t\t\t\t\t\t<\/time>\n\t\t\t\t\t\t\t\t\t\t\t\t\t\t<h5 class=\"sp-event-results\">\n\t\t\t\t\t\t\t\t<a href=\"https:\/\/nacionales.cordemo.org\/softbol\/event\/358\/\"><span class=\"sp-result ok\">1<\/span> - <span class=\"sp-result\">24<\/span><\/a>\t\t\t\t\t\t\t<\/h5>\n\t\t\t\t\t\t\t\t\t\t\t\t\t\t\t\t\t\t\t\t\t\t\t\t\t\t\t\t\t\t\t\t\t\t\t\t<div style=\"display:none;\" class=\"sp-event-venue\" itemprop=\"location\" itemscope itemtype=\"http:\/\/schema.org\/Place\"><div itemprop=\"address\" itemscope itemtype=\"http:\/\/schema.org\/PostalAddress\">N\/A<\/div><\/div>\n\t\t\t\t\t\t\t\t\t\t\t\t\t\t<h4 class=\"sp-event-title\" itemprop=\"name\">\n\t\t\t\t\t\t\t\t<a href=\"https:\/\/nacionales.cordemo.org\/softbol\/event\/358\/\">Atl\u00e1ntico vs Medell\u00edn<\/a>\t\t\t\t\t\t\t<\/h4>\n\t\t\t\t\t\t\t\n\t\t\t\t\t\t<\/td>\n\t\t\t\t\t<\/tr>\n\t\t\t\t\t\t\t\t<\/tbody>\n\t\t<\/table>\n\t<\/div>\n\t<\/div>\n<\/div>\n<div class=\"sportspress sp-widget-align-none\"><h4 class=\"sp-table-caption\">Tercera Fecha<\/h4><div class=\"sp-template sp-template-event-blocks\">\n\t<div class=\"sp-table-wrapper\">\n\t\t<table class=\"sp-event-blocks sp-data-table\n\t\t\t\t\t sp-paginated-table\" data-sp-rows=\"5\">\n\t\t\t<thead><tr><th><\/th><\/tr><\/thead> \t\t\t<tbody>\n\t\t\t\t\t\t\t\t\t<tr class=\"sp-row sp-post alternate\" itemscope itemtype=\"http:\/\/schema.org\/SportsEvent\">\n\t\t\t\t\t\t<td>\n\t\t\t\t\t\t\t\t\t\t\t\t\t\t<span class=\"team-logo logo-odd\" title=\"Bol\u00edvar\"><img loading=\"lazy\" decoding=\"async\" width=\"112\" height=\"128\" src=\"https:\/\/nacionales.cordemo.org\/softbol\/wp-content\/uploads\/sites\/21\/2024\/09\/bolivar.png\" class=\"attachment-sportspress-fit-icon size-sportspress-fit-icon wp-post-image\" alt=\"\" \/><\/span> <span class=\"team-logo logo-even\" title=\"Medell\u00edn\"><img loading=\"lazy\" decoding=\"async\" width=\"95\" height=\"128\" src=\"https:\/\/nacionales.cordemo.org\/softbol\/wp-content\/uploads\/sites\/21\/2024\/09\/medellin.png\" class=\"attachment-sportspress-fit-icon size-sportspress-fit-icon wp-post-image\" alt=\"\" \/><\/span>\t\t\t\t\t\t\t<time class=\"sp-event-date\" datetime=\"2024-09-18 08:00:00\" itemprop=\"startDate\" content=\"2024-09-18T08:00:00-05:00\">\n\t\t\t\t\t\t\t\t<a href=\"https:\/\/nacionales.cordemo.org\/softbol\/event\/364\/\">18 de septiembre de 2024<\/a>\t\t\t\t\t\t\t<\/time>\n\t\t\t\t\t\t\t\t\t\t\t\t\t\t<h5 class=\"sp-event-results\">\n\t\t\t\t\t\t\t\t<a href=\"https:\/\/nacionales.cordemo.org\/softbol\/event\/364\/\"><span class=\"sp-result ok\">08:00<\/span><\/a>\t\t\t\t\t\t\t<\/h5>\n\t\t\t\t\t\t\t\t\t\t\t\t\t\t\t\t\t\t\t\t\t\t\t\t\t\t\t\t\t\t\t\t\t\t\t\t<div style=\"display:none;\" class=\"sp-event-venue\" itemprop=\"location\" itemscope itemtype=\"http:\/\/schema.org\/Place\"><div itemprop=\"address\" itemscope itemtype=\"http:\/\/schema.org\/PostalAddress\">N\/A<\/div><\/div>\n\t\t\t\t\t\t\t\t\t\t\t\t\t\t<h4 class=\"sp-event-title\" itemprop=\"name\">\n\t\t\t\t\t\t\t\t<a href=\"https:\/\/nacionales.cordemo.org\/softbol\/event\/364\/\">Medell\u00edn vs Bol\u00edvar<\/a>\t\t\t\t\t\t\t<\/h4>\n\t\t\t\t\t\t\t\n\t\t\t\t\t\t<\/td>\n\t\t\t\t\t<\/tr>\n\t\t\t\t\t\t\t\t\t\t<tr class=\"sp-row sp-post\" itemscope itemtype=\"http:\/\/schema.org\/SportsEvent\">\n\t\t\t\t\t\t<td>\n\t\t\t\t\t\t\t\t\t\t\t\t\t\t<span class=\"team-logo logo-odd\" title=\"Atl\u00e1ntico\"><img loading=\"lazy\" decoding=\"async\" width=\"106\" height=\"128\" src=\"https:\/\/nacionales.cordemo.org\/softbol\/wp-content\/uploads\/sites\/21\/2024\/09\/atlantico.png\" class=\"attachment-sportspress-fit-icon size-sportspress-fit-icon wp-post-image\" alt=\"\" \/><\/span> <span class=\"team-logo logo-even\" title=\"Sucre\"><img loading=\"lazy\" decoding=\"async\" width=\"107\" height=\"128\" src=\"https:\/\/nacionales.cordemo.org\/softbol\/wp-content\/uploads\/sites\/21\/2024\/09\/sucre.png\" class=\"attachment-sportspress-fit-icon size-sportspress-fit-icon wp-post-image\" alt=\"\" \/><\/span>\t\t\t\t\t\t\t<time class=\"sp-event-date\" datetime=\"2024-09-18 10:00:00\" itemprop=\"startDate\" content=\"2024-09-18T10:00:00-05:00\">\n\t\t\t\t\t\t\t\t<a href=\"https:\/\/nacionales.cordemo.org\/softbol\/event\/365\/\">18 de septiembre de 2024<\/a>\t\t\t\t\t\t\t<\/time>\n\t\t\t\t\t\t\t\t\t\t\t\t\t\t<h5 class=\"sp-event-results\">\n\t\t\t\t\t\t\t\t<a href=\"https:\/\/nacionales.cordemo.org\/softbol\/event\/365\/\"><span class=\"sp-result ok\">10<\/span> - <span class=\"sp-result\">8<\/span><\/a>\t\t\t\t\t\t\t<\/h5>\n\t\t\t\t\t\t\t\t\t\t\t\t\t\t\t\t\t\t\t\t\t\t\t\t\t\t\t\t\t\t\t\t\t\t\t\t<div style=\"display:none;\" class=\"sp-event-venue\" itemprop=\"location\" itemscope itemtype=\"http:\/\/schema.org\/Place\"><div itemprop=\"address\" itemscope itemtype=\"http:\/\/schema.org\/PostalAddress\">N\/A<\/div><\/div>\n\t\t\t\t\t\t\t\t\t\t\t\t\t\t<h4 class=\"sp-event-title\" itemprop=\"name\">\n\t\t\t\t\t\t\t\t<a href=\"https:\/\/nacionales.cordemo.org\/softbol\/event\/365\/\">Sucre vs Atl\u00e1ntico<\/a>\t\t\t\t\t\t\t<\/h4>\n\t\t\t\t\t\t\t\n\t\t\t\t\t\t<\/td>\n\t\t\t\t\t<\/tr>\n\t\t\t\t\t\t\t\t\t\t<tr class=\"sp-row sp-post alternate\" itemscope itemtype=\"http:\/\/schema.org\/SportsEvent\">\n\t\t\t\t\t\t<td>\n\t\t\t\t\t\t\t\t\t\t\t\t\t\t<span class=\"team-logo logo-odd\" title=\"Cali\"><img loading=\"lazy\" decoding=\"async\" width=\"120\" height=\"128\" src=\"https:\/\/nacionales.cordemo.org\/softbol\/wp-content\/uploads\/sites\/21\/2024\/09\/cali.png\" class=\"attachment-sportspress-fit-icon size-sportspress-fit-icon wp-post-image\" alt=\"\" \/><\/span> <span class=\"team-logo logo-even\" title=\"Cartagena\"><img loading=\"lazy\" decoding=\"async\" width=\"128\" height=\"128\" src=\"https:\/\/nacionales.cordemo.org\/softbol\/wp-content\/uploads\/sites\/21\/2024\/09\/cartagena.png\" class=\"attachment-sportspress-fit-icon size-sportspress-fit-icon wp-post-image\" alt=\"\" \/><\/span>\t\t\t\t\t\t\t<time class=\"sp-event-date\" datetime=\"2024-09-18 15:00:00\" itemprop=\"startDate\" content=\"2024-09-18T15:00:00-05:00\">\n\t\t\t\t\t\t\t\t<a href=\"https:\/\/nacionales.cordemo.org\/softbol\/event\/366\/\">18 de septiembre de 2024<\/a>\t\t\t\t\t\t\t<\/time>\n\t\t\t\t\t\t\t\t\t\t\t\t\t\t<h5 class=\"sp-event-results\">\n\t\t\t\t\t\t\t\t<a href=\"https:\/\/nacionales.cordemo.org\/softbol\/event\/366\/\"><span class=\"sp-result ok\">0<\/span> - <span class=\"sp-result\">16<\/span><\/a>\t\t\t\t\t\t\t<\/h5>\n\t\t\t\t\t\t\t\t\t\t\t\t\t\t\t\t\t\t\t\t\t\t\t\t\t\t\t\t\t\t\t\t\t\t\t\t<div style=\"display:none;\" class=\"sp-event-venue\" itemprop=\"location\" itemscope itemtype=\"http:\/\/schema.org\/Place\"><div itemprop=\"address\" itemscope itemtype=\"http:\/\/schema.org\/PostalAddress\">N\/A<\/div><\/div>\n\t\t\t\t\t\t\t\t\t\t\t\t\t\t<h4 class=\"sp-event-title\" itemprop=\"name\">\n\t\t\t\t\t\t\t\t<a href=\"https:\/\/nacionales.cordemo.org\/softbol\/event\/366\/\">Cartagena vs Cali<\/a>\t\t\t\t\t\t\t<\/h4>\n\t\t\t\t\t\t\t\n\t\t\t\t\t\t<\/td>\n\t\t\t\t\t<\/tr>\n\t\t\t\t\t\t\t\t\t\t<tr class=\"sp-row sp-post\" itemscope itemtype=\"http:\/\/schema.org\/SportsEvent\">\n\t\t\t\t\t\t<td>\n\t\t\t\t\t\t\t\t\t\t\t\t\t\t<span class=\"team-logo logo-odd\" title=\"San Andr\u00e9s\"><img loading=\"lazy\" decoding=\"async\" width=\"107\" height=\"128\" src=\"https:\/\/nacionales.cordemo.org\/softbol\/wp-content\/uploads\/sites\/21\/2024\/09\/san-andres.png\" class=\"attachment-sportspress-fit-icon size-sportspress-fit-icon wp-post-image\" alt=\"\" \/><\/span> <span class=\"team-logo logo-even\" title=\"Sincelejo\"><img loading=\"lazy\" decoding=\"async\" width=\"121\" height=\"128\" src=\"https:\/\/nacionales.cordemo.org\/softbol\/wp-content\/uploads\/sites\/21\/2024\/09\/sincelejo.png\" class=\"attachment-sportspress-fit-icon size-sportspress-fit-icon wp-post-image\" alt=\"\" \/><\/span>\t\t\t\t\t\t\t<time class=\"sp-event-date\" datetime=\"2024-09-18 17:00:00\" itemprop=\"startDate\" content=\"2024-09-18T17:00:00-05:00\">\n\t\t\t\t\t\t\t\t<a href=\"https:\/\/nacionales.cordemo.org\/softbol\/event\/367\/\">18 de septiembre de 2024<\/a>\t\t\t\t\t\t\t<\/time>\n\t\t\t\t\t\t\t\t\t\t\t\t\t\t<h5 class=\"sp-event-results\">\n\t\t\t\t\t\t\t\t<a href=\"https:\/\/nacionales.cordemo.org\/softbol\/event\/367\/\"><span class=\"sp-result ok\">6<\/span> - <span class=\"sp-result\">7<\/span><\/a>\t\t\t\t\t\t\t<\/h5>\n\t\t\t\t\t\t\t\t\t\t\t\t\t\t\t\t\t\t\t\t\t\t\t\t\t\t\t\t\t\t\t\t\t\t\t\t<div style=\"display:none;\" class=\"sp-event-venue\" itemprop=\"location\" itemscope itemtype=\"http:\/\/schema.org\/Place\"><div itemprop=\"address\" itemscope itemtype=\"http:\/\/schema.org\/PostalAddress\">N\/A<\/div><\/div>\n\t\t\t\t\t\t\t\t\t\t\t\t\t\t<h4 class=\"sp-event-title\" itemprop=\"name\">\n\t\t\t\t\t\t\t\t<a href=\"https:\/\/nacionales.cordemo.org\/softbol\/event\/367\/\">Sincelejo vs San Andres<\/a>\t\t\t\t\t\t\t<\/h4>\n\t\t\t\t\t\t\t\n\t\t\t\t\t\t<\/td>\n\t\t\t\t\t<\/tr>\n\t\t\t\t\t\t\t\t<\/tbody>\n\t\t<\/table>\n\t<\/div>\n\t<\/div>\n<\/div>\n","protected":false},"excerpt":{"rendered":"","protected":false},"author":1,"featured_media":114,"parent":0,"menu_order":0,"comment_status":"closed","ping_status":"closed","template":"","meta":{"footnotes":""},"class_list":["post-108","page","type-page","status-publish","has-post-thumbnail","hentry"],"_links":{"self":[{"href":"https:\/\/nacionales.cordemo.org\/softbol\/wp-json\/wp\/v2\/pages\/108","targetHints":{"allow":["GET"]}}],"collection":[{"href":"https:\/\/nacionales.cordemo.org\/softbol\/wp-json\/wp\/v2\/pages"}],"about":[{"href":"https:\/\/nacionales.cordemo.org\/softbol\/wp-json\/wp\/v2\/types\/page"}],"author":[{"embeddable":true,"href":"https:\/\/nacionales.cordemo.org\/softbol\/wp-json\/wp\/v2\/users\/1"}],"replies":[{"embeddable":true,"href":"https:\/\/nacionales.cordemo.org\/softbol\/wp-json\/wp\/v2\/comments?post=108"}],"version-history":[{"count":8,"href":"https:\/\/nacionales.cordemo.org\/softbol\/wp-json\/wp\/v2\/pages\/108\/revisions"}],"predecessor-version":[{"id":376,"href":"https:\/\/nacionales.cordemo.org\/softbol\/wp-json\/wp\/v2\/pages\/108\/revisions\/376"}],"wp:featuredmedia":[{"embeddable":true,"href":"https:\/\/nacionales.cordemo.org\/softbol\/wp-json\/wp\/v2\/media\/114"}],"wp:attachment":[{"href":"https:\/\/nacionales.cordemo.org\/softbol\/wp-json\/wp\/v2\/media?parent=108"}],"curies":[{"name":"wp","href":"https:\/\/api.w.org\/{rel}","templated":true}]}}